{"id":1102,"date":"2021-07-15T17:22:53","date_gmt":"2021-07-15T17:22:53","guid":{"rendered":"https:\/\/www.randomers.org\/?page_id=1102"},"modified":"2023-03-20T11:14:15","modified_gmt":"2023-03-20T11:14:15","slug":"nuestros-proyectos","status":"publish","type":"page","link":"https:\/\/www.randomers.org\/cs\/nuestros-proyectos\/","title":{"rendered":"Projekty"},"content":{"rendered":"<div data-elementor-type=\"wp-page\" data-elementor-id=\"1102\" class=\"elementor elementor-1102\" data-elementor-post-type=\"page\">\n\t\t\t\t\t\t<section class=\"elementor-section elementor-top-section elementor-element elementor-element-9d61ed0 elementor-section-boxed elementor-section-height-default elementor-section-height-default\" data-id=\"9d61ed0\" data-element_type=\"section\">\n\t\t\t\t\t\t<div class=\"elementor-container elementor-column-gap-default\">\n\t\t\t\t\t<div class=\"elementor-column elementor-col-50 elementor-top-column elementor-element elementor-element-fe2dd25\" data-id=\"fe2dd25\" data-element_type=\"column\">\n\t\t\t<div class=\"elementor-widget-wrap elementor-element-populated\">\n\t\t\t\t\t\t<div class=\"elementor-element elementor-element-cc15a35 elementor-widget elementor-widget-heading\" data-id=\"cc15a35\" data-element_type=\"widget\" data-widget_type=\"heading.default\">\n\t\t\t\t<div class=\"elementor-widget-container\">\n\t\t\t\t\t<h2 class=\"elementor-heading-title elementor-size-default\">Projekty<\/h2>\t\t\t\t<\/div>\n\t\t\t\t<\/div>\n\t\t\t\t\t<\/div>\n\t\t<\/div>\n\t\t\t\t<div class=\"elementor-column elementor-col-50 elementor-top-column elementor-element elementor-element-a4ff472\" data-id=\"a4ff472\" data-element_type=\"column\">\n\t\t\t<div class=\"elementor-widget-wrap\">\n\t\t\t\t\t\t\t<\/div>\n\t\t<\/div>\n\t\t\t\t\t<\/div>\n\t\t<\/section>\n\t\t\t\t<section class=\"elementor-section elementor-top-section elementor-element elementor-element-62b65a6b elementor-section-boxed elementor-section-height-default elementor-section-height-default\" data-id=\"62b65a6b\" data-element_type=\"section\">\n\t\t\t\t\t\t<div class=\"elementor-container elementor-column-gap-default\">\n\t\t\t\t\t<div class=\"elementor-column elementor-col-100 elementor-top-column elementor-element elementor-element-583c4065\" data-id=\"583c4065\" data-element_type=\"column\">\n\t\t\t<div class=\"elementor-widget-wrap elementor-element-populated\">\n\t\t\t\t\t\t<div class=\"elementor-element elementor-element-6b869a9 elementor-posts--align-left elementor-grid-3 elementor-grid-tablet-2 elementor-grid-mobile-1 elementor-posts--thumbnail-top elementor-widget elementor-widget-posts\" data-id=\"6b869a9\" data-element_type=\"widget\" data-settings=\"{&quot;classic_row_gap&quot;:{&quot;unit&quot;:&quot;px&quot;,&quot;size&quot;:70,&quot;sizes&quot;:[]},&quot;classic_row_gap_mobile&quot;:{&quot;unit&quot;:&quot;px&quot;,&quot;size&quot;:45,&quot;sizes&quot;:[]},&quot;classic_columns&quot;:&quot;3&quot;,&quot;classic_columns_tablet&quot;:&quot;2&quot;,&quot;classic_columns_mobile&quot;:&quot;1&quot;,&quot;classic_row_gap_tablet&quot;:{&quot;unit&quot;:&quot;px&quot;,&quot;size&quot;:&quot;&quot;,&quot;sizes&quot;:[]}}\" data-widget_type=\"posts.classic\">\n\t\t\t\t<div class=\"elementor-widget-container\">\n\t\t\t\t\t\t\t<div class=\"elementor-posts-container elementor-posts elementor-posts--skin-classic elementor-grid\" role=\"list\">\n\t\t\t\t<article class=\"elementor-post elementor-grid-item post-1204 proyectos type-proyectos status-publish format-standard has-post-thumbnail hentry\" role=\"listitem\">\n\t\t\t\t<a class=\"elementor-post__thumbnail__link\" href=\"https:\/\/www.randomers.org\/cs\/proyectos\/spainart\/\" tabindex=\"-1\" >\n\t\t\t<div class=\"elementor-post__thumbnail\"><img fetchpriority=\"high\" decoding=\"async\" width=\"1300\" height=\"750\" src=\"https:\/\/www.randomers.org\/wp-content\/uploads\/2021\/07\/Spainart-1.webp\" class=\"attachment-full size-full wp-image-2454\" alt=\"\" srcset=\"https:\/\/www.randomers.org\/wp-content\/uploads\/2021\/07\/Spainart-1.webp 1300w, https:\/\/www.randomers.org\/wp-content\/uploads\/2021\/07\/Spainart-1-300x173.webp 300w, https:\/\/www.randomers.org\/wp-content\/uploads\/2021\/07\/Spainart-1-1024x591.webp 1024w, https:\/\/www.randomers.org\/wp-content\/uploads\/2021\/07\/Spainart-1-768x443.webp 768w, https:\/\/www.randomers.org\/wp-content\/uploads\/2021\/07\/Spainart-1-18x10.webp 18w\" sizes=\"(max-width: 1300px) 100vw, 1300px\" \/><\/div>\n\t\t<\/a>\n\t\t\t\t<div class=\"elementor-post__text\">\n\t\t\t\t<h3 class=\"elementor-post__title\">\n\t\t\t<a href=\"https:\/\/www.randomers.org\/cs\/proyectos\/spainart\/\" >\n\t\t\t\tSpainArt\t\t\t<\/a>\n\t\t<\/h3>\n\t\t\t\t<\/div>\n\t\t\t\t<\/article>\n\t\t\t\t<article class=\"elementor-post elementor-grid-item post-2353 proyectos type-proyectos status-publish format-standard has-post-thumbnail hentry\" role=\"listitem\">\n\t\t\t\t<a class=\"elementor-post__thumbnail__link\" href=\"https:\/\/www.randomers.org\/cs\/proyectos\/tritordeum\/\" tabindex=\"-1\" >\n\t\t\t<div class=\"elementor-post__thumbnail\"><img decoding=\"async\" width=\"1300\" height=\"750\" src=\"https:\/\/www.randomers.org\/wp-content\/uploads\/2023\/03\/Tritordeum-1.webp\" class=\"attachment-full size-full wp-image-2362\" alt=\"\" srcset=\"https:\/\/www.randomers.org\/wp-content\/uploads\/2023\/03\/Tritordeum-1.webp 1300w, https:\/\/www.randomers.org\/wp-content\/uploads\/2023\/03\/Tritordeum-1-300x173.webp 300w, https:\/\/www.randomers.org\/wp-content\/uploads\/2023\/03\/Tritordeum-1-1024x591.webp 1024w, https:\/\/www.randomers.org\/wp-content\/uploads\/2023\/03\/Tritordeum-1-768x443.webp 768w, https:\/\/www.randomers.org\/wp-content\/uploads\/2023\/03\/Tritordeum-1-18x10.webp 18w\" sizes=\"(max-width: 1300px) 100vw, 1300px\" \/><\/div>\n\t\t<\/a>\n\t\t\t\t<div class=\"elementor-post__text\">\n\t\t\t\t<h3 class=\"elementor-post__title\">\n\t\t\t<a href=\"https:\/\/www.randomers.org\/cs\/proyectos\/tritordeum\/\" >\n\t\t\t\tTritordeum\t\t\t<\/a>\n\t\t<\/h3>\n\t\t\t\t<\/div>\n\t\t\t\t<\/article>\n\t\t\t\t<article class=\"elementor-post elementor-grid-item post-2120 proyectos type-proyectos status-publish format-standard has-post-thumbnail hentry\" role=\"listitem\">\n\t\t\t\t<a class=\"elementor-post__thumbnail__link\" href=\"https:\/\/www.randomers.org\/cs\/proyectos\/la-sosenga\/\" tabindex=\"-1\" >\n\t\t\t<div class=\"elementor-post__thumbnail\"><img decoding=\"async\" width=\"1300\" height=\"750\" src=\"https:\/\/www.randomers.org\/wp-content\/uploads\/2022\/09\/Sosenga-1-1.webp\" class=\"attachment-full size-full wp-image-2450\" alt=\"\" srcset=\"https:\/\/www.randomers.org\/wp-content\/uploads\/2022\/09\/Sosenga-1-1.webp 1300w, https:\/\/www.randomers.org\/wp-content\/uploads\/2022\/09\/Sosenga-1-1-300x173.webp 300w, https:\/\/www.randomers.org\/wp-content\/uploads\/2022\/09\/Sosenga-1-1-1024x591.webp 1024w, https:\/\/www.randomers.org\/wp-content\/uploads\/2022\/09\/Sosenga-1-1-768x443.webp 768w, https:\/\/www.randomers.org\/wp-content\/uploads\/2022\/09\/Sosenga-1-1-18x10.webp 18w\" sizes=\"(max-width: 1300px) 100vw, 1300px\" \/><\/div>\n\t\t<\/a>\n\t\t\t\t<div class=\"elementor-post__text\">\n\t\t\t\t<h3 class=\"elementor-post__title\">\n\t\t\t<a href=\"https:\/\/www.randomers.org\/cs\/proyectos\/la-sosenga\/\" >\n\t\t\t\tLa Sosenga\t\t\t<\/a>\n\t\t<\/h3>\n\t\t\t\t<\/div>\n\t\t\t\t<\/article>\n\t\t\t\t<article class=\"elementor-post elementor-grid-item post-1049 proyectos type-proyectos status-publish format-standard has-post-thumbnail hentry\" role=\"listitem\">\n\t\t\t\t<a class=\"elementor-post__thumbnail__link\" href=\"https:\/\/www.randomers.org\/cs\/proyectos\/ekatlali\/\" tabindex=\"-1\" >\n\t\t\t<div class=\"elementor-post__thumbnail\"><img loading=\"lazy\" decoding=\"async\" width=\"1300\" height=\"750\" src=\"https:\/\/www.randomers.org\/wp-content\/uploads\/2021\/07\/Ekatlali-1.webp\" class=\"attachment-full size-full wp-image-2485\" alt=\"\" srcset=\"https:\/\/www.randomers.org\/wp-content\/uploads\/2021\/07\/Ekatlali-1.webp 1300w, https:\/\/www.randomers.org\/wp-content\/uploads\/2021\/07\/Ekatlali-1-300x173.webp 300w, https:\/\/www.randomers.org\/wp-content\/uploads\/2021\/07\/Ekatlali-1-1024x591.webp 1024w, https:\/\/www.randomers.org\/wp-content\/uploads\/2021\/07\/Ekatlali-1-768x443.webp 768w, https:\/\/www.randomers.org\/wp-content\/uploads\/2021\/07\/Ekatlali-1-18x10.webp 18w\" sizes=\"(max-width: 1300px) 100vw, 1300px\" \/><\/div>\n\t\t<\/a>\n\t\t\t\t<div class=\"elementor-post__text\">\n\t\t\t\t<h3 class=\"elementor-post__title\">\n\t\t\t<a href=\"https:\/\/www.randomers.org\/cs\/proyectos\/ekatlali\/\" >\n\t\t\t\tEkatlali\t\t\t<\/a>\n\t\t<\/h3>\n\t\t\t\t<\/div>\n\t\t\t\t<\/article>\n\t\t\t\t<article class=\"elementor-post elementor-grid-item post-2150 proyectos type-proyectos status-publish format-standard has-post-thumbnail hentry\" role=\"listitem\">\n\t\t\t\t<a class=\"elementor-post__thumbnail__link\" href=\"https:\/\/www.randomers.org\/cs\/proyectos\/bauplay\/\" tabindex=\"-1\" >\n\t\t\t<div class=\"elementor-post__thumbnail\"><img loading=\"lazy\" decoding=\"async\" width=\"1300\" height=\"750\" src=\"https:\/\/www.randomers.org\/wp-content\/uploads\/2022\/09\/Bauplay.webp\" class=\"attachment-full size-full wp-image-2540\" alt=\"\" srcset=\"https:\/\/www.randomers.org\/wp-content\/uploads\/2022\/09\/Bauplay.webp 1300w, https:\/\/www.randomers.org\/wp-content\/uploads\/2022\/09\/Bauplay-300x173.webp 300w, https:\/\/www.randomers.org\/wp-content\/uploads\/2022\/09\/Bauplay-1024x591.webp 1024w, https:\/\/www.randomers.org\/wp-content\/uploads\/2022\/09\/Bauplay-768x443.webp 768w, https:\/\/www.randomers.org\/wp-content\/uploads\/2022\/09\/Bauplay-18x10.webp 18w\" sizes=\"(max-width: 1300px) 100vw, 1300px\" \/><\/div>\n\t\t<\/a>\n\t\t\t\t<div class=\"elementor-post__text\">\n\t\t\t\t<h3 class=\"elementor-post__title\">\n\t\t\t<a href=\"https:\/\/www.randomers.org\/cs\/proyectos\/bauplay\/\" >\n\t\t\t\tBauplay\t\t\t<\/a>\n\t\t<\/h3>\n\t\t\t\t<\/div>\n\t\t\t\t<\/article>\n\t\t\t\t<article class=\"elementor-post elementor-grid-item post-1018 proyectos type-proyectos status-publish format-standard has-post-thumbnail hentry\" role=\"listitem\">\n\t\t\t\t<a class=\"elementor-post__thumbnail__link\" href=\"https:\/\/www.randomers.org\/cs\/proyectos\/kaluzova\/\" tabindex=\"-1\" >\n\t\t\t<div class=\"elementor-post__thumbnail\"><img loading=\"lazy\" decoding=\"async\" width=\"1920\" height=\"1080\" src=\"https:\/\/www.randomers.org\/wp-content\/uploads\/2021\/07\/Kaluzova-1-min.png\" class=\"attachment-full size-full wp-image-1019\" alt=\"\" srcset=\"https:\/\/www.randomers.org\/wp-content\/uploads\/2021\/07\/Kaluzova-1-min.png 1920w, https:\/\/www.randomers.org\/wp-content\/uploads\/2021\/07\/Kaluzova-1-min-300x169.png 300w, https:\/\/www.randomers.org\/wp-content\/uploads\/2021\/07\/Kaluzova-1-min-1024x576.png 1024w, https:\/\/www.randomers.org\/wp-content\/uploads\/2021\/07\/Kaluzova-1-min-768x432.png 768w, https:\/\/www.randomers.org\/wp-content\/uploads\/2021\/07\/Kaluzova-1-min-1536x864.png 1536w\" sizes=\"(max-width: 1920px) 100vw, 1920px\" \/><\/div>\n\t\t<\/a>\n\t\t\t\t<div class=\"elementor-post__text\">\n\t\t\t\t<h3 class=\"elementor-post__title\">\n\t\t\t<a href=\"https:\/\/www.randomers.org\/cs\/proyectos\/kaluzova\/\" >\n\t\t\t\tKaluzova\t\t\t<\/a>\n\t\t<\/h3>\n\t\t\t\t<\/div>\n\t\t\t\t<\/article>\n\t\t\t\t<article class=\"elementor-post elementor-grid-item post-2142 proyectos type-proyectos status-publish format-standard has-post-thumbnail hentry\" role=\"listitem\">\n\t\t\t\t<a class=\"elementor-post__thumbnail__link\" href=\"https:\/\/www.randomers.org\/cs\/proyectos\/bon-vent\/\" tabindex=\"-1\" >\n\t\t\t<div class=\"elementor-post__thumbnail\"><img loading=\"lazy\" decoding=\"async\" width=\"1920\" height=\"781\" src=\"https:\/\/www.randomers.org\/wp-content\/uploads\/2022\/09\/Bon-Vent-1.png\" class=\"attachment-full size-full wp-image-2144\" alt=\"\" srcset=\"https:\/\/www.randomers.org\/wp-content\/uploads\/2022\/09\/Bon-Vent-1.png 1920w, https:\/\/www.randomers.org\/wp-content\/uploads\/2022\/09\/Bon-Vent-1-300x122.png 300w, https:\/\/www.randomers.org\/wp-content\/uploads\/2022\/09\/Bon-Vent-1-1024x417.png 1024w, https:\/\/www.randomers.org\/wp-content\/uploads\/2022\/09\/Bon-Vent-1-768x312.png 768w, https:\/\/www.randomers.org\/wp-content\/uploads\/2022\/09\/Bon-Vent-1-1536x625.png 1536w, https:\/\/www.randomers.org\/wp-content\/uploads\/2022\/09\/Bon-Vent-1-18x7.png 18w\" sizes=\"(max-width: 1920px) 100vw, 1920px\" \/><\/div>\n\t\t<\/a>\n\t\t\t\t<div class=\"elementor-post__text\">\n\t\t\t\t<h3 class=\"elementor-post__title\">\n\t\t\t<a href=\"https:\/\/www.randomers.org\/cs\/proyectos\/bon-vent\/\" >\n\t\t\t\tBon Vent\t\t\t<\/a>\n\t\t<\/h3>\n\t\t\t\t<\/div>\n\t\t\t\t<\/article>\n\t\t\t\t<article class=\"elementor-post elementor-grid-item post-1065 proyectos type-proyectos status-publish format-standard has-post-thumbnail hentry\" role=\"listitem\">\n\t\t\t\t<a class=\"elementor-post__thumbnail__link\" href=\"https:\/\/www.randomers.org\/cs\/proyectos\/embajada\/\" tabindex=\"-1\" >\n\t\t\t<div class=\"elementor-post__thumbnail\"><img loading=\"lazy\" decoding=\"async\" width=\"1920\" height=\"1080\" src=\"https:\/\/www.randomers.org\/wp-content\/uploads\/2021\/07\/Embajada-1-min.png\" class=\"attachment-full size-full wp-image-1059\" alt=\"\" srcset=\"https:\/\/www.randomers.org\/wp-content\/uploads\/2021\/07\/Embajada-1-min.png 1920w, https:\/\/www.randomers.org\/wp-content\/uploads\/2021\/07\/Embajada-1-min-300x169.png 300w, https:\/\/www.randomers.org\/wp-content\/uploads\/2021\/07\/Embajada-1-min-1024x576.png 1024w, https:\/\/www.randomers.org\/wp-content\/uploads\/2021\/07\/Embajada-1-min-768x432.png 768w, https:\/\/www.randomers.org\/wp-content\/uploads\/2021\/07\/Embajada-1-min-1536x864.png 1536w\" sizes=\"(max-width: 1920px) 100vw, 1920px\" \/><\/div>\n\t\t<\/a>\n\t\t\t\t<div class=\"elementor-post__text\">\n\t\t\t\t<h3 class=\"elementor-post__title\">\n\t\t\t<a href=\"https:\/\/www.randomers.org\/cs\/proyectos\/embajada\/\" >\n\t\t\t\tVelvyslanectv\u00ed \u010cesk\u00e9 Republiky\t\t\t<\/a>\n\t\t<\/h3>\n\t\t\t\t<\/div>\n\t\t\t\t<\/article>\n\t\t\t\t<article class=\"elementor-post elementor-grid-item post-945 proyectos type-proyectos status-publish format-standard has-post-thumbnail hentry\" role=\"listitem\">\n\t\t\t\t<a class=\"elementor-post__thumbnail__link\" href=\"https:\/\/www.randomers.org\/cs\/proyectos\/streetourses\/\" tabindex=\"-1\" >\n\t\t\t<div class=\"elementor-post__thumbnail\"><img loading=\"lazy\" decoding=\"async\" width=\"1920\" height=\"1080\" src=\"https:\/\/www.randomers.org\/wp-content\/uploads\/2021\/07\/Streetours-1-min.png\" class=\"attachment-full size-full wp-image-1367\" alt=\"\" srcset=\"https:\/\/www.randomers.org\/wp-content\/uploads\/2021\/07\/Streetours-1-min.png 1920w, https:\/\/www.randomers.org\/wp-content\/uploads\/2021\/07\/Streetours-1-min-300x169.png 300w, https:\/\/www.randomers.org\/wp-content\/uploads\/2021\/07\/Streetours-1-min-1024x576.png 1024w, https:\/\/www.randomers.org\/wp-content\/uploads\/2021\/07\/Streetours-1-min-768x432.png 768w, https:\/\/www.randomers.org\/wp-content\/uploads\/2021\/07\/Streetours-1-min-1536x864.png 1536w\" sizes=\"(max-width: 1920px) 100vw, 1920px\" \/><\/div>\n\t\t<\/a>\n\t\t\t\t<div class=\"elementor-post__text\">\n\t\t\t\t<h3 class=\"elementor-post__title\">\n\t\t\t<a href=\"https:\/\/www.randomers.org\/cs\/proyectos\/streetourses\/\" >\n\t\t\t\tStreetours\t\t\t<\/a>\n\t\t<\/h3>\n\t\t\t\t<\/div>\n\t\t\t\t<\/article>\n\t\t\t\t<\/div>\n\t\t\n\t\t\t\t\t\t<\/div>\n\t\t\t\t<\/div>\n\t\t\t\t\t<\/div>\n\t\t<\/div>\n\t\t\t\t\t<\/div>\n\t\t<\/section>\n\t\t\t\t<\/div>","protected":false},"excerpt":{"rendered":"","protected":false},"author":1,"featured_media":1103,"parent":0,"menu_order":0,"comment_status":"closed","ping_status":"closed","template":"","meta":{"_acf_changed":false,"footnotes":""},"class_list":["post-1102","page","type-page","status-publish","has-post-thumbnail","hentry"],"acf":[],"_links":{"self":[{"href":"https:\/\/www.randomers.org\/cs\/wp-json\/wp\/v2\/pages\/1102","targetHints":{"allow":["GET"]}}],"collection":[{"href":"https:\/\/www.randomers.org\/cs\/wp-json\/wp\/v2\/pages"}],"about":[{"href":"https:\/\/www.randomers.org\/cs\/wp-json\/wp\/v2\/types\/page"}],"author":[{"embeddable":true,"href":"https:\/\/www.randomers.org\/cs\/wp-json\/wp\/v2\/users\/1"}],"replies":[{"embeddable":true,"href":"https:\/\/www.randomers.org\/cs\/wp-json\/wp\/v2\/comments?post=1102"}],"version-history":[{"count":0,"href":"https:\/\/www.randomers.org\/cs\/wp-json\/wp\/v2\/pages\/1102\/revisions"}],"wp:featuredmedia":[{"embeddable":true,"href":"https:\/\/www.randomers.org\/cs\/wp-json\/wp\/v2\/media\/1103"}],"wp:attachment":[{"href":"https:\/\/www.randomers.org\/cs\/wp-json\/wp\/v2\/media?parent=1102"}],"curies":[{"name":"wp","href":"https:\/\/api.w.org\/{rel}","templated":true}]}}